{"id":291,"date":"2015-07-02T22:04:05","date_gmt":"2015-07-02T20:04:05","guid":{"rendered":"http:\/\/sichtbare-lebenshilfe.org\/?page_id=291"},"modified":"2024-02-05T08:12:08","modified_gmt":"2024-02-05T07:12:08","slug":"executive-summary","status":"publish","type":"page","link":"https:\/\/sichtbare-lebenshilfe.org\/","title":{"rendered":"Executive Summary"},"content":{"rendered":"<h2 style=\"text-align: center;\"><span style=\"font-family: 'Britannic Bold';\"><span style=\"color: #ff6600; font-weight: bold; font-style: italic;\"><strong>&#8222;Die Wegwerfgesellschaft Weltweit,<\/strong><\/span><\/span><\/h2>\n<h2 style=\"text-align: center;\"><span style=\"font-family: 'Britannic Bold';\"><span style=\"color: #ff6600; font-weight: bold; font-style: italic;\"><strong>eine Einkommensarmut in \u00d6sterreich,<\/strong><\/span><\/span><\/h2>\n<h2 style=\"text-align: center;\"><span style=\"font-family: 'Britannic Bold';\"><span style=\"color: #ff6600; font-weight: bold; font-style: italic;\"><strong>speziell in Wien ist erschreckend.&#8220;<\/strong><\/span><\/span><\/h2>\n<p style=\"text-align: left;\"><span style=\"font-family: Verdana;\">Immer mehr Menschen, Leben an der Armutsgrenze.\u00a0Einige Unternehmen und Vereine sind in den letzten Jahren an den Start gegangen.\u00a0Es Verfolgen alle ein und das selbe Ziel. Einer mehr einer weniger.\u00a0Dennoch haben alle den gleichen Sozialen Hintergedanken.<\/span><\/p>\n<blockquote>\n<h2 style=\"text-align: center;\"><span style=\"font-family: 'Britannic Bold';\"><span style=\"color: #ff6600; font-weight: bold;\"><u>Der Wegwerfgesellschaft die Augen zu \u00f6ffnen<\/u><\/span><\/span><\/h2>\n<h2 style=\"text-align: center;\"><span style=\"font-family: 'Britannic Bold';\"><span style=\"color: #ff6600; font-weight: bold;\"><u>und die so Lebensnotwendigen Waren und G\u00fcter<\/u><\/span><\/span><\/h2>\n<h2 style=\"text-align: center;\"><span style=\"font-family: 'Britannic Bold';\"><span style=\"color: #ff6600; font-weight: bold;\"><u>an Einkommens schwache Menschen zu vermitteln.<\/u><\/span><\/span><\/h2>\n<p style=\"text-align: center;\">\n<\/blockquote>\n<h2><span style=\"font-family: Verdana;\">An dieser Stelle m\u00f6chten wir unseren Verein <span style=\"color: #ff6600;\"><span style=\"font-size: xx-large;\">S<\/span><\/span>ICHTBARE <span style=\"color: #ff6600;\"><span style=\"font-size: xx-large;\">L<\/span><\/span>EBENSHILFE Vorstellen<\/span><\/h2>\n<p style=\"text-align: left;\"><span style=\"font-family: Verdana;\">Lebensmittel, wie auch Waren und G\u00fcter zu Retten, vor dem Recycling M\u00fcllplatz ist uns ein gro\u00dfes Anliegen.<br \/>\nDas im kleinem Team seit l\u00e4ngerem\u00a0durchgef\u00fchrt wird. So verteilen wir an eine kleine Zielgruppe Lebensmittel wie auch Waren und G\u00fcter jeder Art. <a href=\"\/?page_id=67\" data-wplink-edit=\"true\">Info Newsletter &#8212; Rettung der Nahrungsmittel und Vergabe hier klicken<\/a><\/span><\/p>\n<p style=\"text-align: left;\"><span style=\"font-family: Verdana;\">Immer wieder zeigt sich, das kleine regelm\u00e4\u00dfige Treffen gerne gesehen sind. Um kosteng\u00fcnstig sich in\u00a0der Gesellschaft zu integrieren.<\/span><\/p>\n<p style=\"text-align: left;\"><span style=\"font-family: Verdana;\">Daher ist die Idee geboren worden, einen Ort zu schaffen an dem sich diese Menschen t\u00e4glich Treffen und ihrem Einkommen entsprechend bei Kaffee und Kuchen in gem\u00fctlicher Gesellschaft zu konsumieren wie\u00a0auch zu Kommunizieren.<\/span><\/p>\n<p style=\"text-align: left;\"><span style=\"font-family: Verdana;\">Eine regelm\u00e4\u00dfige Rettung der Lebensmittel, wie auch Waren und G\u00fcter und Verteilung an sozial schwache Menschen ist eines unserer\u00a0Ziele.\u00a0<a href=\"\/?page_id=1020\">Info PDF &#8212; jede Hilfe ist gerne gesehen<\/a><\/span><\/p>\n<p style=\"text-align: left;\"><span style=\"font-family: Verdana;\">Ein Soziales Netzwerk im Alltag f\u00fcr sozial schwache, bed\u00fcrftige, hilfesuchende Menschen mit F\u00f6rderung und Unterst\u00fctzung soll zur Motivation und St\u00e4rkung des Selbstwertgef\u00fchls, wie auch Hilfe zur Selbsthilfe regional wie auch Weltweit aufgebaut werden.<\/span><\/p>\n<p style=\"text-align: left;\"><span style=\"font-family: Verdana;\">Hierzu wird ein Aufzeigen M\u00f6glicher Ma\u00dfnahmen zur Beseitigung und Vermeidung von\u00a0Armut und sozialer Ausgrenzung in unserer Gesellschaft aufgezeigt.<\/span><\/p>\n<p style=\"text-align: left;\"><span style=\"font-family: Verdana;\">Mit sozial schwachen bed\u00fcrftige Menschen sind alle gemeint die es brauchen und auch wollen.<\/span><\/p>\n<p><span style=\"font-family: Verdana;\">Hier wird kein\u00a0Unterschied gemacht, ob es ein Familienvater ist der seine 40 Stunden arbeitet und trotz allem nicht genug \u00fcber hat um die Grundbed\u00fcrfnisse der Familie zu erf\u00fcllen. Oder ob es ein Jugendlicher ist der grade frisch in die eigenen 4 W\u00e4nde eingezogen ist und mit seinem Lohn\u00a0grade mal bis Mitte des Monats durch h\u00e4lt. Und auch die Arbeitslosen nicht zu vergessen. Wie auch\u00a0eine \u00e4ltere Generation ist gerne Willkommen bei uns.<\/span><\/p>\n<p><span style=\"font-family: Verdana;\">Wir wollen all die Menschen ansprechen, die von der\u00a0Einkommensarmut raus wollen.<\/span><\/p>\n<p><span style=\"font-family: Verdana;\">All die jenen Menschen, sei es wegen Arbeitslosigkeit, niedrigen sozialen stand, wenig bis kein soziales Umfeld und vielem mehr, von der Gesellschaft nicht so akzeptiert werden, wie sie sind. Den Menschen wieder einen Schritt in die Gesellschaft bieten zu k\u00f6nnen.<\/span><\/p>\n<h2 style=\"text-align: center;\"><span style=\"color: #ff6600; font-family: 'Britannic Bold';\"><strong>Zur Motivation und St\u00e4rkung des Selbstwertgef\u00fchls.<\/strong><\/span><\/h2>\n<h2 style=\"text-align: center;\"><span style=\"color: #ff6600; font-family: 'Britannic Bold';\"><strong>Die Hilfe zu Selbsthilfe zu erreichen.<\/strong><\/span><\/h2>\n","protected":false},"excerpt":{"rendered":"<p>&#8222;Die Wegwerfgesellschaft Weltweit, eine Einkommensarmut in \u00d6sterreich, speziell in Wien ist erschreckend.&#8220; Immer mehr Menschen, Leben an der Armutsgrenze.\u00a0Einige Unternehmen und Vereine sind in den letzten Jahren an den Start gegangen.\u00a0Es Verfolgen alle ein und das selbe Ziel. Einer mehr &hellip; <a href=\"https:\/\/sichtbare-lebenshilfe.org\/\">Continue reading <span class=\"meta-nav\">&rarr;<\/span><\/a><\/p>\n","protected":false},"author":1,"featured_media":0,"parent":0,"menu_order":0,"comment_status":"closed","ping_status":"closed","template":"sidebar-page.php","meta":{"footnotes":""},"_links":{"self":[{"href":"https:\/\/sichtbare-lebenshilfe.org\/index.php?rest_route=\/wp\/v2\/pages\/291"}],"collection":[{"href":"https:\/\/sichtbare-lebenshilfe.org\/index.php?rest_route=\/wp\/v2\/pages"}],"about":[{"href":"https:\/\/sichtbare-lebenshilfe.org\/index.php?rest_route=\/wp\/v2\/types\/page"}],"author":[{"embeddable":true,"href":"https:\/\/sichtbare-lebenshilfe.org\/index.php?rest_route=\/wp\/v2\/users\/1"}],"replies":[{"embeddable":true,"href":"https:\/\/sichtbare-lebenshilfe.org\/index.php?rest_route=%2Fwp%2Fv2%2Fcomments&post=291"}],"version-history":[{"count":4,"href":"https:\/\/sichtbare-lebenshilfe.org\/index.php?rest_route=\/wp\/v2\/pages\/291\/revisions"}],"predecessor-version":[{"id":1133,"href":"https:\/\/sichtbare-lebenshilfe.org\/index.php?rest_route=\/wp\/v2\/pages\/291\/revisions\/1133"}],"wp:attachment":[{"href":"https:\/\/sichtbare-lebenshilfe.org\/index.php?rest_route=%2Fwp%2Fv2%2Fmedia&parent=291"}],"curies":[{"name":"wp","href":"https:\/\/api.w.org\/{rel}","templated":true}]}}